{"id":1242,"date":"2014-06-17T13:58:35","date_gmt":"2014-06-17T11:58:35","guid":{"rendered":"http:\/\/181.224.135.138\/~c12expor\/?page_id=1242"},"modified":"2014-06-17T13:58:35","modified_gmt":"2014-06-17T11:58:35","slug":"exporting-to-china","status":"publish","type":"page","link":"https:\/\/www.12export.com\/en\/exporting-to-china\/","title":{"rendered":"Exporting to China"},"content":{"rendered":"<p style=\"text-align: left;\">\n<p style=\"text-align: left;\">The Chinese market is one of the best emerging ones. The middle class is growing very fast and the number of the \u201cnew rich\u201d is increasing.<\/p>\n<p style=\"text-align: left;\">This means that even companies with medium-end, medium-high-end and high-end products have a good chance to sell them.<\/p>\n<h2 style=\"text-align: left;\">Business Services Shanghai FTZ (free trade zone)<\/h2>\n<p style=\"text-align: left;\">Together with our partner in Shanghai, we can provide you with various customisable services, in order for you to join the <strong>permanent exhibition<\/strong> of the FTZ in Shanghai:<\/p>\n<ul>\n<li>finding <strong>commercial partners<\/strong> in China and organizing business meeting with partners selected on the basis of your demands;<\/li>\n<li>support in keeping up the <strong>correspondence<\/strong> with your Chinese prospects;<\/li>\n<li>support for <strong>communication<\/strong>, so that it is appropriate for Chinese clients: prospects will have an interlocutor talking with them in their mother tongue, whereas your company will have a contact speaking your language;<\/li>\n<li>a chance to <strong>exhibit your products permanently<\/strong> and at favourable rates, with a full-time staff available in the place included;<\/li>\n<li>communication and creation of a <strong>network of contacts<\/strong> for the exhibiting companies;<\/li>\n<li>support in managing <strong>various procedure<\/strong> <strong>documents<\/strong>.<\/li>\n<\/ul>\n<p>These advantages and those offered by outsourcing will let you control costs and results of your project, since your company will have a real market presence in a <strong>steadily growing foreign market<\/strong>, without the structural costs such an organisation would require if managed by your internal staff.<\/p>\n<p style=\"text-align: left;\">Besides, were your growth so big as to require a <strong>branch office<\/strong> in China, we would help you to internationalize your company and to create your Chinese branch.<\/p>\n","protected":false},"excerpt":{"rendered":"<p>The Chinese market is one of the best emerging ones. Here\u2019s which services we can offer you, together with our partner in Shanghai.<\/p>\n","protected":false},"author":2,"featured_media":0,"parent":0,"menu_order":0,"comment_status":"open","ping_status":"closed","template":"","meta":{"_et_pb_use_builder":"on","_et_pb_old_content":"<p style=\"text-align: left;\">Il mercato cinese \u00e8 uno dei mercati in maggiore sviluppo, poich\u00e9 \u00e8 in forte\u00a0crescita la classe media e il numero dei \u201cnuovi ricchi\u201d.<\/p>\r\n<p style=\"text-align: left;\">Questo si traduce in un\u2019ottima opportunit\u00e0 anche per le aziende\u00a0che hanno prodotti di qualit\u00e0 media, medio-alta e alta. Inoltre \u00e8 importante sapere che il segmento alto cerca prodotti personalizzati e aziende che siano in grado di soddisfare queste esigenze di diversificazione. In un\u2019ottica di sviluppo a medio-lungo termine diventa quindi strategico lo sviluppo in questo paese che sicuramente offre un bacino di potenziali clienti molto vasto, con conseguente possibilit\u00e0 di sviluppo fatturati.\r\nEcco cosa siamo in grado di offrirvi, assieme al nostro partner di Shanghai.<\/p>\r\n\r\n<h2 style=\"text-align: left;\">Business Service a Shanghai<\/h2>\r\n<p style=\"text-align: left;\">Siamo in grado di offrirvi diversi servizi, personalizzabili, partendo dalla ricerca partner, fatta direttamente in loco con personale qualificato, per arrivare all\u2019esposizione dei vostri prodotti, con flessibilit\u00e0 di definizione della durata, in zona centrale a Shanghai.<\/p>\r\n\r\n<ul style=\"text-align: left;\">\r\n \t<li>Ricerca <strong>partner commerciali<\/strong> sul territorio cinese;<\/li>\r\n \t<li>organizzazione di incontri business con partners preselezionati appositamente per voi;<\/li>\r\n \t<li>supporto alla <strong>corrispondenza<\/strong> con i potenziali clienti cinesi;<\/li>\r\n \t<li>supporto per la <strong>comunicazione<\/strong>, creandola in modo che sia mirata per il target cinese;<\/li>\r\n \t<li>possibilit\u00e0 di <strong>esporre la propria merce<\/strong> in loco;<\/li>\r\n \t<li>comunicazione e <strong>sviluppo contatti<\/strong> per le aziende che espongono;<\/li>\r\n \t<li>supporto per le <strong>varie pratiche<\/strong> che si rendessero necessarie.<\/li>\r\n<\/ul>\r\n<h2>I vantaggi offerti da un partner commerciale in Cina<\/h2>\r\n<p style=\"text-align: left;\">Tutto questo ti permette di rappresentare la tua azienda in Cina. I potenziali clienti avranno un interlocutore che parla la loro lingua mentre la tua azienda avr\u00e0 un referente che parla la tua lingua. Questi e altri vantaggi offerti dall'outsourcing ti permetteranno di monitorare i costi e i risultati di progetto garantendo alla tua azienda una presenza \u201cfisica\u201d su <strong>un mercato estero in forte crescita<\/strong>, senza avere i costi strutturali che comporterebbe una tale organizzazione se fatta direttamente con personale interno.<\/p>\r\n<p style=\"text-align: left;\">Se la crescita sar\u00e0 inoltre tale da richiedere<strong> una propria filiale<\/strong> in Cina, siamo in grado di supportarvi anche per internazionalizzazione d\u2019impresa e creazione di una filiale in loco.<\/p>","_et_gb_content_width":""},"yoast_head":"<!-- This site is optimized with the Yoast SEO plugin v20.2.1 - https:\/\/yoast.com\/wordpress\/plugins\/seo\/ -->\n<title>Exporting to China - 1 2 export<\/title>\n<meta name=\"description\" content=\"China provides a very wide range of prospects, that is a chance to increase sales: 1 2 Export helps you exhibit your products in the Free Trade Zone\" \/>\n<meta name=\"robots\" content=\"index, follow, max-snippet:-1, max-image-preview:large, max-video-preview:-1\" \/>\n<link rel=\"canonical\" href=\"https:\/\/www.12export.com\/en\/exporting-to-china\/\" \/>\n<meta property=\"og:locale\" content=\"en_US\" \/>\n<meta property=\"og:type\" content=\"article\" \/>\n<meta property=\"og:title\" content=\"Exporting to China - 1 2 export\" \/>\n<meta property=\"og:description\" content=\"China provides a very wide range of prospects, that is a chance to increase sales: 1 2 Export helps you exhibit your products in the Free Trade Zone\" \/>\n<meta property=\"og:url\" content=\"https:\/\/www.12export.com\/en\/exporting-to-china\/\" \/>\n<meta property=\"og:site_name\" content=\"1 2 export\" \/>\n<meta property=\"article:publisher\" content=\"https:\/\/www.facebook.com\/12export\" \/>\n<meta name=\"twitter:label1\" content=\"Est. reading time\" \/>\n\t<meta name=\"twitter:data1\" content=\"1 minute\" \/>\n<script type=\"application\/ld+json\" class=\"yoast-schema-graph\">{\"@context\":\"https:\/\/schema.org\",\"@graph\":[{\"@type\":\"WebPage\",\"@id\":\"https:\/\/www.12export.com\/en\/exporting-to-china\/\",\"url\":\"https:\/\/www.12export.com\/en\/exporting-to-china\/\",\"name\":\"Exporting to China - 1 2 export\",\"isPartOf\":{\"@id\":\"https:\/\/www.12export.com\/en\/#website\"},\"datePublished\":\"2014-06-17T11:58:35+00:00\",\"dateModified\":\"2014-06-17T11:58:35+00:00\",\"description\":\"China provides a very wide range of prospects, that is a chance to increase sales: 1 2 Export helps you exhibit your products in the Free Trade Zone\",\"breadcrumb\":{\"@id\":\"https:\/\/www.12export.com\/en\/exporting-to-china\/#breadcrumb\"},\"inLanguage\":\"en-US\",\"potentialAction\":[{\"@type\":\"ReadAction\",\"target\":[\"https:\/\/www.12export.com\/en\/exporting-to-china\/\"]}]},{\"@type\":\"BreadcrumbList\",\"@id\":\"https:\/\/www.12export.com\/en\/exporting-to-china\/#breadcrumb\",\"itemListElement\":[{\"@type\":\"ListItem\",\"position\":1,\"name\":\"Home\",\"item\":\"https:\/\/www.12export.com\/en\/home-en\/\"},{\"@type\":\"ListItem\",\"position\":2,\"name\":\"Exporting to China\"}]},{\"@type\":\"WebSite\",\"@id\":\"https:\/\/www.12export.com\/en\/#website\",\"url\":\"https:\/\/www.12export.com\/en\/\",\"name\":\"1 2 export\",\"description\":\"Gestione in outsorcing delle vendite estere per le PMI\",\"publisher\":{\"@id\":\"https:\/\/www.12export.com\/en\/#organization\"},\"potentialAction\":[{\"@type\":\"SearchAction\",\"target\":{\"@type\":\"EntryPoint\",\"urlTemplate\":\"https:\/\/www.12export.com\/en\/?s={search_term_string}\"},\"query-input\":\"required name=search_term_string\"}],\"inLanguage\":\"en-US\"},{\"@type\":\"Organization\",\"@id\":\"https:\/\/www.12export.com\/en\/#organization\",\"name\":\"1 2 Export\",\"url\":\"https:\/\/www.12export.com\/en\/\",\"logo\":{\"@type\":\"ImageObject\",\"inLanguage\":\"en-US\",\"@id\":\"https:\/\/www.12export.com\/en\/#\/schema\/logo\/image\/\",\"url\":\"http:\/\/www.12export.com\/wp-content\/uploads\/2013\/07\/EXPORT-LOGO-DEF-TRASP1.png\",\"contentUrl\":\"http:\/\/www.12export.com\/wp-content\/uploads\/2013\/07\/EXPORT-LOGO-DEF-TRASP1.png\",\"width\":527,\"height\":527,\"caption\":\"1 2 Export\"},\"image\":{\"@id\":\"https:\/\/www.12export.com\/en\/#\/schema\/logo\/image\/\"},\"sameAs\":[\"https:\/\/www.facebook.com\/12export\",\"https:\/\/twitter.com\/12export\",\"https:\/\/www.linkedin.com\/company\/1-2-export\/\"]}]}<\/script>\n<!-- \/ Yoast SEO plugin. -->","yoast_head_json":{"title":"Exporting to China - 1 2 export","description":"China provides a very wide range of prospects, that is a chance to increase sales: 1 2 Export helps you exhibit your products in the Free Trade Zone","robots":{"index":"index","follow":"follow","max-snippet":"max-snippet:-1","max-image-preview":"max-image-preview:large","max-video-preview":"max-video-preview:-1"},"canonical":"https:\/\/www.12export.com\/en\/exporting-to-china\/","og_locale":"en_US","og_type":"article","og_title":"Exporting to China - 1 2 export","og_description":"China provides a very wide range of prospects, that is a chance to increase sales: 1 2 Export helps you exhibit your products in the Free Trade Zone","og_url":"https:\/\/www.12export.com\/en\/exporting-to-china\/","og_site_name":"1 2 export","article_publisher":"https:\/\/www.facebook.com\/12export","twitter_misc":{"Est. reading time":"1 minute"},"schema":{"@context":"https:\/\/schema.org","@graph":[{"@type":"WebPage","@id":"https:\/\/www.12export.com\/en\/exporting-to-china\/","url":"https:\/\/www.12export.com\/en\/exporting-to-china\/","name":"Exporting to China - 1 2 export","isPartOf":{"@id":"https:\/\/www.12export.com\/en\/#website"},"datePublished":"2014-06-17T11:58:35+00:00","dateModified":"2014-06-17T11:58:35+00:00","description":"China provides a very wide range of prospects, that is a chance to increase sales: 1 2 Export helps you exhibit your products in the Free Trade Zone","breadcrumb":{"@id":"https:\/\/www.12export.com\/en\/exporting-to-china\/#breadcrumb"},"inLanguage":"en-US","potentialAction":[{"@type":"ReadAction","target":["https:\/\/www.12export.com\/en\/exporting-to-china\/"]}]},{"@type":"BreadcrumbList","@id":"https:\/\/www.12export.com\/en\/exporting-to-china\/#breadcrumb","itemListElement":[{"@type":"ListItem","position":1,"name":"Home","item":"https:\/\/www.12export.com\/en\/home-en\/"},{"@type":"ListItem","position":2,"name":"Exporting to China"}]},{"@type":"WebSite","@id":"https:\/\/www.12export.com\/en\/#website","url":"https:\/\/www.12export.com\/en\/","name":"1 2 export","description":"Gestione in outsorcing delle vendite estere per le PMI","publisher":{"@id":"https:\/\/www.12export.com\/en\/#organization"},"potentialAction":[{"@type":"SearchAction","target":{"@type":"EntryPoint","urlTemplate":"https:\/\/www.12export.com\/en\/?s={search_term_string}"},"query-input":"required name=search_term_string"}],"inLanguage":"en-US"},{"@type":"Organization","@id":"https:\/\/www.12export.com\/en\/#organization","name":"1 2 Export","url":"https:\/\/www.12export.com\/en\/","logo":{"@type":"ImageObject","inLanguage":"en-US","@id":"https:\/\/www.12export.com\/en\/#\/schema\/logo\/image\/","url":"http:\/\/www.12export.com\/wp-content\/uploads\/2013\/07\/EXPORT-LOGO-DEF-TRASP1.png","contentUrl":"http:\/\/www.12export.com\/wp-content\/uploads\/2013\/07\/EXPORT-LOGO-DEF-TRASP1.png","width":527,"height":527,"caption":"1 2 Export"},"image":{"@id":"https:\/\/www.12export.com\/en\/#\/schema\/logo\/image\/"},"sameAs":["https:\/\/www.facebook.com\/12export","https:\/\/twitter.com\/12export","https:\/\/www.linkedin.com\/company\/1-2-export\/"]}]}},"_links":{"self":[{"href":"https:\/\/www.12export.com\/en\/wp-json\/wp\/v2\/pages\/1242"}],"collection":[{"href":"https:\/\/www.12export.com\/en\/wp-json\/wp\/v2\/pages"}],"about":[{"href":"https:\/\/www.12export.com\/en\/wp-json\/wp\/v2\/types\/page"}],"author":[{"embeddable":true,"href":"https:\/\/www.12export.com\/en\/wp-json\/wp\/v2\/users\/2"}],"replies":[{"embeddable":true,"href":"https:\/\/www.12export.com\/en\/wp-json\/wp\/v2\/comments?post=1242"}],"version-history":[{"count":0,"href":"https:\/\/www.12export.com\/en\/wp-json\/wp\/v2\/pages\/1242\/revisions"}],"wp:attachment":[{"href":"https:\/\/www.12export.com\/en\/wp-json\/wp\/v2\/media?parent=1242"}],"curies":[{"name":"wp","href":"https:\/\/api.w.org\/{rel}","templated":true}]}}